{"id":273,"date":"2022-12-26T12:09:45","date_gmt":"2022-12-26T11:09:45","guid":{"rendered":"https:\/\/masterstp-univ-tlse3.fr\/?page_id=273"},"modified":"2024-03-03T21:28:43","modified_gmt":"2024-03-03T20:28:43","slug":"candidature","status":"publish","type":"page","link":"https:\/\/masterstp-univ-tlse3.fr\/index.php\/candidature\/","title":{"rendered":"Comment candidater ?"},"content":{"rendered":"\n<p>Les candidatures se font exclusivement en fonction des informations pr\u00e9sentes sur le <a href=\"https:\/\/www.univ-tlse3.fr\/candidature-en-licence-ou-master-1\" target=\"_blank\" rel=\"noreferrer noopener\">site web de l&rsquo;Universit\u00e9 Toulouse III &#8211; Paul Sabatier<\/a>. Le d\u00e9p\u00f4t de dossiers de candidature sera \u00e0 r\u00e9aliser sur la plateforme <a href=\"https:\/\/www.monmaster.gouv.fr\" target=\"_blank\" rel=\"noreferrer noopener\">TrouveMonMaster<\/a>. <\/p>\n\n\n\n<h2 class=\"wp-block-heading has-text-align-center\">Calendrier pr\u00e9visionnel 2024<\/h2>\n\n\n\n<blockquote class=\"wp-block-quote is-layout-flow wp-block-quote-is-layout-flow\">\n<ul class=\"wp-block-list\">\n<li><strong>du 26 f\u00e9vrier 2024 au 24 mars 2024\u00a0<\/strong>: d\u00e9p\u00f4t des candidatures en ligne<\/li>\n\n\n\n<li><strong>du 2 avril 2024 au 28 mai 2024<\/strong>\u00a0: examen des candidatures<\/li>\n\n\n\n<li><strong>du 4 juin 2024 au 24 juillet 2024\u00a0<\/strong>: phase d\u2019admission<\/li>\n<\/ul>\n<\/blockquote>\n\n\n\n<div style=\"height:100px\" aria-hidden=\"true\" class=\"wp-block-spacer\"><\/div>\n\n\n\n<div class=\"wp-block-group is-content-justification-center is-nowrap is-layout-flex wp-container-core-group-is-layout-23441af8 wp-block-group-is-layout-flex\">\n<div class=\"wp-block-outermost-icon-block\"><div class=\"icon-container has-icon-color has-secondary-color\" style=\"color:#ee771d;width:48px\"><svg xmlns=\"http:\/\/www.w3.org\/2000\/svg\" viewBox=\"-2 -2 24 24\" aria-hidden=\"true\"><path d=\"M10 2c4.42 0 8 3.58 8 8s-3.58 8-8 8-8-3.58-8-8 3.58-8 8-8zm1.13 9.38l.35-6.46H8.52l.35 6.46h2.26zm-.09 3.36c.24-.23.37-.55.37-.96 0-.42-.12-.74-.36-.97s-.59-.35-1.06-.35-.82.12-1.07.35-.37.55-.37.97c0 .41.13.73.38.96.26.23.61.34 1.06.34s.8-.11 1.05-.34z\"><\/path><\/svg><\/div><\/div>\n\n\n\n<h2 class=\"wp-block-heading has-text-align-center\">Pour la bidiplomation avec le Canada<\/h2>\n\n\n\n<div class=\"wp-block-outermost-icon-block\"><div class=\"icon-container has-icon-color has-secondary-color\" style=\"color:#ee771d;width:48px\"><svg xmlns=\"http:\/\/www.w3.org\/2000\/svg\" viewBox=\"-2 -2 24 24\" aria-hidden=\"true\"><path d=\"M10 2c4.42 0 8 3.58 8 8s-3.58 8-8 8-8-3.58-8-8 3.58-8 8-8zm1.13 9.38l.35-6.46H8.52l.35 6.46h2.26zm-.09 3.36c.24-.23.37-.55.37-.96 0-.42-.12-.74-.36-.97s-.59-.35-1.06-.35-.82.12-1.07.35-.37.55-.37.97c0 .41.13.73.38.96.26.23.61.34 1.06.34s.8-.11 1.05-.34z\"><\/path><\/svg><\/div><\/div>\n<\/div>\n\n\n\n<p><strong>En compl\u00e9ment de la candidature qui doit obligatoirement \u00eatre d\u00e9pos\u00e9e sur la plateforme TrouveMonMaster, les \u00e9tudiants qui souhaitent candidater pour la bidiplomation avec une des Universit\u00e9s partenaires au Canada doivent \u00e9galement remplir le formulaire ci-dessous en joignant les pi\u00e8ces justificatives demand\u00e9es. Aucune candidature doit \u00eatre adress\u00e9e directement <\/strong>\u00e0 une des universit\u00e9s canadiennes partenaires.<\/p>\n\n\n\n<blockquote class=\"wp-block-quote is-layout-flow wp-block-quote-is-layout-flow\">\n<ul class=\"wp-block-list\">\n<li>Curriculum vitae<\/li>\n\n\n\n<li>Lettre de motivation pour la formation et la bidiplomation avec le Canada<\/li>\n\n\n\n<li>Relev\u00e9s de notes depuis le Baccalaur\u00e9at<\/li>\n\n\n\n<li>Optionnel : lettre(s) de recommandation(s) d&rsquo;enseignant(s) <\/li>\n<\/ul>\n<\/blockquote>\n\n\n\n<div style=\"height:100px\" aria-hidden=\"true\" class=\"wp-block-spacer\"><\/div>\n\n\n\n<h2 class=\"wp-block-heading has-text-align-center\">Formulaire de pr\u00e9-candidature &#8211; date limite 24 mars 2024<\/h2>\n\n\n\n<div class=\"wpcf7 no-js\" id=\"wpcf7-f282-o1\" lang=\"en-US\" dir=\"ltr\" data-wpcf7-id=\"282\">\n<div class=\"screen-reader-response\"><p role=\"status\" aria-live=\"polite\" aria-atomic=\"true\"><\/p> <ul><\/ul><\/div>\n<form action=\"\/index.php\/wp-json\/wp\/v2\/pages\/273#wpcf7-f282-o1\" method=\"post\" class=\"wpcf7-form init\" aria-label=\"Contact form\" enctype=\"multipart\/form-data\" novalidate=\"novalidate\" data-status=\"init\">\n<fieldset class=\"hidden-fields-container\"><input type=\"hidden\" name=\"_wpcf7\" value=\"282\" \/><input type=\"hidden\" name=\"_wpcf7_version\" value=\"6.1.5\" \/><input type=\"hidden\" name=\"_wpcf7_locale\" value=\"en_US\" \/><input type=\"hidden\" name=\"_wpcf7_unit_tag\" value=\"wpcf7-f282-o1\" \/><input type=\"hidden\" name=\"_wpcf7_container_post\" value=\"0\" \/><input type=\"hidden\" name=\"_wpcf7_posted_data_hash\" value=\"\" \/><input type=\"hidden\" name=\"_wpcf7_recaptcha_response\" value=\"\" \/>\n<\/fieldset>\n<p><label> Nom - Pr\u00e9nom <\/label><br \/>\n<span class=\"wpcf7-form-control-wrap\" data-name=\"your-name\"><input size=\"40\" maxlength=\"400\" class=\"wpcf7-form-control wpcf7-text wpcf7-validates-as-required\" autocomplete=\"name\" aria-required=\"true\" aria-invalid=\"false\" value=\"\" type=\"text\" name=\"your-name\" \/><\/span>\n<\/p>\n<p><label> e-mail <\/label><br \/>\n<span class=\"wpcf7-form-control-wrap\" data-name=\"your-email\"><input size=\"40\" maxlength=\"400\" class=\"wpcf7-form-control wpcf7-email wpcf7-validates-as-required wpcf7-text wpcf7-validates-as-email\" autocomplete=\"email\" aria-required=\"true\" aria-invalid=\"false\" value=\"\" type=\"email\" name=\"your-email\" \/><\/span>\n<\/p>\n<p><label> Dans quelle Universit\u00e9, \u00eates-vous actuellement inscrit-e ? <\/label><br \/>\n<span class=\"wpcf7-form-control-wrap\" data-name=\"Univ_actu\"><input size=\"40\" maxlength=\"400\" class=\"wpcf7-form-control wpcf7-text wpcf7-validates-as-required\" aria-required=\"true\" aria-invalid=\"false\" value=\"\" type=\"text\" name=\"Univ_actu\" \/><\/span>\n<\/p>\n<p><label> Quel mention de Licence avez-vous ou allez-vous obtenir ? <\/label><br \/>\n<span class=\"wpcf7-form-control-wrap\" data-name=\"Licence\"><select class=\"wpcf7-form-control wpcf7-select wpcf7-validates-as-required\" aria-required=\"true\" aria-invalid=\"false\" name=\"Licence\"><option value=\"Physique\">Physique<\/option><option value=\"Physique-Chimie\">Physique-Chimie<\/option><option value=\"EEA\">EEA<\/option><option value=\"Sciences pour l&#039;Ing\u00e9nieur\">Sciences pour l&#039;Ing\u00e9nieur<\/option><option value=\"Autre\">Autre<\/option><\/select><\/span>\n<\/p>\n<p><label> Avez-vous d\u00e9j\u00e0 obtenu ou d\u00e9marr\u00e9 un Master ? <\/label><br \/>\n<span class=\"wpcf7-form-control-wrap\" data-name=\"Master\"><select class=\"wpcf7-form-control wpcf7-select wpcf7-validates-as-required\" aria-required=\"true\" aria-invalid=\"false\" name=\"Master\"><option value=\"Non\">Non<\/option><option value=\"Oui\">Oui<\/option><\/select><\/span>\n<\/p>\n<p><label> Avec-vous une pr\u00e9f\u00e9rence sur l'Universit\u00e9 Canadienne pour votre candidature ? <\/label><br \/>\n<span class=\"wpcf7-form-control-wrap\" data-name=\"Univ\"><select class=\"wpcf7-form-control wpcf7-select wpcf7-validates-as-required\" aria-required=\"true\" aria-invalid=\"false\" name=\"Univ\"><option value=\"Aucune pr\u00e9f\u00e9rence\">Aucune pr\u00e9f\u00e9rence<\/option><option value=\"INRS (Montr\u00e9al)\">INRS (Montr\u00e9al)<\/option><option value=\"Universit\u00e9 Laval (Qu\u00e9bec)\">Universit\u00e9 Laval (Qu\u00e9bec)<\/option><option value=\"Universit\u00e9 de Montr\u00e9al (Montr\u00e9al)\">Universit\u00e9 de Montr\u00e9al (Montr\u00e9al)<\/option><option value=\"Universit\u00e9 du Saskatchewan (Saskatoon)\">Universit\u00e9 du Saskatchewan (Saskatoon)<\/option><\/select><\/span>\n<\/p>\n<p><label> Concernant le projet sur lequel vous travaillerez durant les deux ann\u00e9es de Master, avez-vous des pr\u00e9f\u00e9rences sur le type ? <\/label><br \/>\n<span class=\"wpcf7-form-control-wrap\" data-name=\"Project\"><span class=\"wpcf7-form-control wpcf7-radio\"><span class=\"wpcf7-list-item first\"><label><input type=\"radio\" name=\"Project\" value=\"Aucune pr\u00e9f\u00e9rence\" checked=\"checked\" \/><span class=\"wpcf7-list-item-label\">Aucune pr\u00e9f\u00e9rence<\/span><\/label><\/span><span class=\"wpcf7-list-item\"><label><input type=\"radio\" name=\"Project\" value=\"Th\u00e9orique\" \/><span class=\"wpcf7-list-item-label\">Th\u00e9orique<\/span><\/label><\/span><span class=\"wpcf7-list-item\"><label><input type=\"radio\" name=\"Project\" value=\"Exp\u00e9rimental\" \/><span class=\"wpcf7-list-item-label\">Exp\u00e9rimental<\/span><\/label><\/span><span class=\"wpcf7-list-item\"><label><input type=\"radio\" name=\"Project\" value=\"Mod\u00e9lisation\" \/><span class=\"wpcf7-list-item-label\">Mod\u00e9lisation<\/span><\/label><\/span><span class=\"wpcf7-list-item last\"><label><input type=\"radio\" name=\"Project\" value=\"Appliqu\u00e9\" \/><span class=\"wpcf7-list-item-label\">Appliqu\u00e9<\/span><\/label><\/span><\/span><\/span>\n<\/p>\n<p><label> Comment avez-vous d\u00e9couvert ce parcours de Master ? <\/label><br \/>\n<span class=\"wpcf7-form-control-wrap\" data-name=\"Pub\"><select class=\"wpcf7-form-control wpcf7-select wpcf7-validates-as-required\" aria-required=\"true\" aria-invalid=\"false\" name=\"Pub\"><option value=\"Recherche sur internet\">Recherche sur internet<\/option><option value=\"Plateforme TrouveMonMaster\">Plateforme TrouveMonMaster<\/option><option value=\"Pr\u00e9sentation dans mon universit\u00e9\">Pr\u00e9sentation dans mon universit\u00e9<\/option><option value=\"Par un ancien \u00e9tudiant\">Par un ancien \u00e9tudiant<\/option><option value=\"Autre\">Autre<\/option><\/select><\/span>\n<\/p>\n<p><label> Souhaitez-vous rajouter des informations \u00e0 votre pr\u00e9-candidature ? <\/label><br \/>\n<span class=\"wpcf7-form-control-wrap\" data-name=\"Texte\"><textarea cols=\"40\" rows=\"10\" maxlength=\"2000\" class=\"wpcf7-form-control wpcf7-textarea\" aria-invalid=\"false\" name=\"Texte\"><\/textarea><\/span>\n<\/p>\n<p><label> Veuillez attacher un document PDF unique contenant les documents demand\u00e9s. <\/label><br \/>\n<span class=\"wpcf7-form-control-wrap\" data-name=\"Documents\"><input size=\"40\" class=\"wpcf7-form-control wpcf7-file wpcf7-validates-as-required\" accept=\".pdf\" aria-required=\"true\" aria-invalid=\"false\" type=\"file\" name=\"Documents\" \/><\/span>\n<\/p>\n<p><label> Une fois le formulaire compl\u00e9t\u00e9, cliquez sur le bouton pour d\u00e9poser votre pr\u00e9-candidature pour le parcours bidiplomant, vous recevez un mail de confirmation. <\/label>\n<\/p>\n<p>[bws_google_captcha]\n<\/p>\n<p><input class=\"wpcf7-form-control wpcf7-submit has-spinner\" type=\"submit\" value=\"Envoyer\" \/>\n<\/p><div class=\"wpcf7-response-output\" aria-hidden=\"true\"><\/div>\n<\/form>\n<\/div>\n\n","protected":false},"excerpt":{"rendered":"<p>Les candidatures se font exclusivement en fonction des informations pr\u00e9sentes sur le site web de l&rsquo;Universit\u00e9 Toulouse III &#8211; Paul Sabatier. Le d\u00e9p\u00f4t de dossiers de candidature sera \u00e0 r\u00e9aliser sur la plateforme TrouveMonMaster. Calendrier pr\u00e9visionnel 2024 Pour la bidiplomation avec le Canada En compl\u00e9ment de la candidature qui doit obligatoirement \u00eatre d\u00e9pos\u00e9e sur la [&hellip;]<\/p>\n","protected":false},"author":1,"featured_media":0,"parent":0,"menu_order":0,"comment_status":"closed","ping_status":"closed","template":"","meta":{"footnotes":""},"class_list":["post-273","page","type-page","status-publish","hentry"],"yoast_head":"<!-- This site is optimized with the Yoast SEO plugin v27.4 - https:\/\/yoast.com\/product\/yoast-seo-wordpress\/ -->\n<title>Comment candidater ? - Sciences et Technologies des Plasmas (STP)<\/title>\n<meta name=\"robots\" content=\"index, follow, max-snippet:-1, max-image-preview:large, max-video-preview:-1\" \/>\n<link rel=\"canonical\" href=\"https:\/\/masterstp-univ-tlse3.fr\/index.php\/candidature\/\" class=\"yoast-seo-meta-tag\" \/>\n<meta property=\"og:locale\" content=\"fr_FR\" class=\"yoast-seo-meta-tag\" \/>\n<meta property=\"og:type\" content=\"article\" class=\"yoast-seo-meta-tag\" \/>\n<meta property=\"og:title\" content=\"Comment candidater ? - Sciences et Technologies des Plasmas (STP)\" class=\"yoast-seo-meta-tag\" \/>\n<meta property=\"og:description\" content=\"Les candidatures se font exclusivement en fonction des informations pr\u00e9sentes sur le site web de l&rsquo;Universit\u00e9 Toulouse III &#8211; Paul Sabatier. Le d\u00e9p\u00f4t de dossiers de candidature sera \u00e0 r\u00e9aliser sur la plateforme TrouveMonMaster. Calendrier pr\u00e9visionnel 2024 Pour la bidiplomation avec le Canada En compl\u00e9ment de la candidature qui doit obligatoirement \u00eatre d\u00e9pos\u00e9e sur la [&hellip;]\" class=\"yoast-seo-meta-tag\" \/>\n<meta property=\"og:url\" content=\"https:\/\/masterstp-univ-tlse3.fr\/index.php\/candidature\/\" class=\"yoast-seo-meta-tag\" \/>\n<meta property=\"og:site_name\" content=\"Sciences et Technologies des Plasmas (STP)\" class=\"yoast-seo-meta-tag\" \/>\n<meta property=\"article:modified_time\" content=\"2024-03-03T20:28:43+00:00\" class=\"yoast-seo-meta-tag\" \/>\n<meta name=\"twitter:card\" content=\"summary_large_image\" class=\"yoast-seo-meta-tag\" \/>\n<meta name=\"twitter:site\" content=\"@master_stp\" class=\"yoast-seo-meta-tag\" \/>\n<meta name=\"twitter:label1\" content=\"Dur\u00e9e de lecture estim\u00e9e\" class=\"yoast-seo-meta-tag\" \/>\n\t<meta name=\"twitter:data1\" content=\"1 minute\" class=\"yoast-seo-meta-tag\" \/>\n<script type=\"application\/ld+json\" class=\"yoast-schema-graph\">{\"@context\":\"https:\\\/\\\/schema.org\",\"@graph\":[{\"@type\":\"WebPage\",\"@id\":\"https:\\\/\\\/masterstp-univ-tlse3.fr\\\/index.php\\\/candidature\\\/\",\"url\":\"https:\\\/\\\/masterstp-univ-tlse3.fr\\\/index.php\\\/candidature\\\/\",\"name\":\"Comment candidater ? - Sciences et Technologies des Plasmas (STP)\",\"isPartOf\":{\"@id\":\"https:\\\/\\\/masterstp-univ-tlse3.fr\\\/#website\"},\"datePublished\":\"2022-12-26T11:09:45+00:00\",\"dateModified\":\"2024-03-03T20:28:43+00:00\",\"breadcrumb\":{\"@id\":\"https:\\\/\\\/masterstp-univ-tlse3.fr\\\/index.php\\\/candidature\\\/#breadcrumb\"},\"inLanguage\":\"fr-FR\",\"potentialAction\":[{\"@type\":\"ReadAction\",\"target\":[\"https:\\\/\\\/masterstp-univ-tlse3.fr\\\/index.php\\\/candidature\\\/\"]}]},{\"@type\":\"BreadcrumbList\",\"@id\":\"https:\\\/\\\/masterstp-univ-tlse3.fr\\\/index.php\\\/candidature\\\/#breadcrumb\",\"itemListElement\":[{\"@type\":\"ListItem\",\"position\":1,\"name\":\"Accueil\",\"item\":\"https:\\\/\\\/masterstp-univ-tlse3.fr\\\/\"},{\"@type\":\"ListItem\",\"position\":2,\"name\":\"Comment candidater ?\"}]},{\"@type\":\"WebSite\",\"@id\":\"https:\\\/\\\/masterstp-univ-tlse3.fr\\\/#website\",\"url\":\"https:\\\/\\\/masterstp-univ-tlse3.fr\\\/\",\"name\":\"Master Sciences et Technologies des Plasmas (STP)\",\"description\":\"Master mention Energie\",\"publisher\":{\"@id\":\"https:\\\/\\\/masterstp-univ-tlse3.fr\\\/#organization\"},\"potentialAction\":[{\"@type\":\"SearchAction\",\"target\":{\"@type\":\"EntryPoint\",\"urlTemplate\":\"https:\\\/\\\/masterstp-univ-tlse3.fr\\\/?s={search_term_string}\"},\"query-input\":{\"@type\":\"PropertyValueSpecification\",\"valueRequired\":true,\"valueName\":\"search_term_string\"}}],\"inLanguage\":\"fr-FR\"},{\"@type\":\"Organization\",\"@id\":\"https:\\\/\\\/masterstp-univ-tlse3.fr\\\/#organization\",\"name\":\"Master Sciences et Technologies des Plasmas (STP)\",\"url\":\"https:\\\/\\\/masterstp-univ-tlse3.fr\\\/\",\"logo\":{\"@type\":\"ImageObject\",\"inLanguage\":\"fr-FR\",\"@id\":\"https:\\\/\\\/masterstp-univ-tlse3.fr\\\/#\\\/schema\\\/logo\\\/image\\\/\",\"url\":\"https:\\\/\\\/masterstp-univ-tlse3.fr\\\/wp-content\\\/uploads\\\/2022\\\/12\\\/11.jpg\",\"contentUrl\":\"https:\\\/\\\/masterstp-univ-tlse3.fr\\\/wp-content\\\/uploads\\\/2022\\\/12\\\/11.jpg\",\"width\":350,\"height\":233,\"caption\":\"Master Sciences et Technologies des Plasmas (STP)\"},\"image\":{\"@id\":\"https:\\\/\\\/masterstp-univ-tlse3.fr\\\/#\\\/schema\\\/logo\\\/image\\\/\"},\"sameAs\":[\"https:\\\/\\\/x.com\\\/master_stp\",\"https:\\\/\\\/www.linkedin.com\\\/groups\\\/12499459\\\/\"]}]}<\/script>\n<!-- \/ Yoast SEO plugin. -->","yoast_head_json":{"title":"Comment candidater ? - Sciences et Technologies des Plasmas (STP)","robots":{"index":"index","follow":"follow","max-snippet":"max-snippet:-1","max-image-preview":"max-image-preview:large","max-video-preview":"max-video-preview:-1"},"canonical":"https:\/\/masterstp-univ-tlse3.fr\/index.php\/candidature\/","og_locale":"fr_FR","og_type":"article","og_title":"Comment candidater ? - Sciences et Technologies des Plasmas (STP)","og_description":"Les candidatures se font exclusivement en fonction des informations pr\u00e9sentes sur le site web de l&rsquo;Universit\u00e9 Toulouse III &#8211; Paul Sabatier. Le d\u00e9p\u00f4t de dossiers de candidature sera \u00e0 r\u00e9aliser sur la plateforme TrouveMonMaster. Calendrier pr\u00e9visionnel 2024 Pour la bidiplomation avec le Canada En compl\u00e9ment de la candidature qui doit obligatoirement \u00eatre d\u00e9pos\u00e9e sur la [&hellip;]","og_url":"https:\/\/masterstp-univ-tlse3.fr\/index.php\/candidature\/","og_site_name":"Sciences et Technologies des Plasmas (STP)","article_modified_time":"2024-03-03T20:28:43+00:00","twitter_card":"summary_large_image","twitter_site":"@master_stp","twitter_misc":{"Dur\u00e9e de lecture estim\u00e9e":"1 minute"},"schema":{"@context":"https:\/\/schema.org","@graph":[{"@type":"WebPage","@id":"https:\/\/masterstp-univ-tlse3.fr\/index.php\/candidature\/","url":"https:\/\/masterstp-univ-tlse3.fr\/index.php\/candidature\/","name":"Comment candidater ? - Sciences et Technologies des Plasmas (STP)","isPartOf":{"@id":"https:\/\/masterstp-univ-tlse3.fr\/#website"},"datePublished":"2022-12-26T11:09:45+00:00","dateModified":"2024-03-03T20:28:43+00:00","breadcrumb":{"@id":"https:\/\/masterstp-univ-tlse3.fr\/index.php\/candidature\/#breadcrumb"},"inLanguage":"fr-FR","potentialAction":[{"@type":"ReadAction","target":["https:\/\/masterstp-univ-tlse3.fr\/index.php\/candidature\/"]}]},{"@type":"BreadcrumbList","@id":"https:\/\/masterstp-univ-tlse3.fr\/index.php\/candidature\/#breadcrumb","itemListElement":[{"@type":"ListItem","position":1,"name":"Accueil","item":"https:\/\/masterstp-univ-tlse3.fr\/"},{"@type":"ListItem","position":2,"name":"Comment candidater ?"}]},{"@type":"WebSite","@id":"https:\/\/masterstp-univ-tlse3.fr\/#website","url":"https:\/\/masterstp-univ-tlse3.fr\/","name":"Master Sciences et Technologies des Plasmas (STP)","description":"Master mention Energie","publisher":{"@id":"https:\/\/masterstp-univ-tlse3.fr\/#organization"},"potentialAction":[{"@type":"SearchAction","target":{"@type":"EntryPoint","urlTemplate":"https:\/\/masterstp-univ-tlse3.fr\/?s={search_term_string}"},"query-input":{"@type":"PropertyValueSpecification","valueRequired":true,"valueName":"search_term_string"}}],"inLanguage":"fr-FR"},{"@type":"Organization","@id":"https:\/\/masterstp-univ-tlse3.fr\/#organization","name":"Master Sciences et Technologies des Plasmas (STP)","url":"https:\/\/masterstp-univ-tlse3.fr\/","logo":{"@type":"ImageObject","inLanguage":"fr-FR","@id":"https:\/\/masterstp-univ-tlse3.fr\/#\/schema\/logo\/image\/","url":"https:\/\/masterstp-univ-tlse3.fr\/wp-content\/uploads\/2022\/12\/11.jpg","contentUrl":"https:\/\/masterstp-univ-tlse3.fr\/wp-content\/uploads\/2022\/12\/11.jpg","width":350,"height":233,"caption":"Master Sciences et Technologies des Plasmas (STP)"},"image":{"@id":"https:\/\/masterstp-univ-tlse3.fr\/#\/schema\/logo\/image\/"},"sameAs":["https:\/\/x.com\/master_stp","https:\/\/www.linkedin.com\/groups\/12499459\/"]}]}},"_links":{"self":[{"href":"https:\/\/masterstp-univ-tlse3.fr\/index.php\/wp-json\/wp\/v2\/pages\/273","targetHints":{"allow":["GET"]}}],"collection":[{"href":"https:\/\/masterstp-univ-tlse3.fr\/index.php\/wp-json\/wp\/v2\/pages"}],"about":[{"href":"https:\/\/masterstp-univ-tlse3.fr\/index.php\/wp-json\/wp\/v2\/types\/page"}],"author":[{"embeddable":true,"href":"https:\/\/masterstp-univ-tlse3.fr\/index.php\/wp-json\/wp\/v2\/users\/1"}],"replies":[{"embeddable":true,"href":"https:\/\/masterstp-univ-tlse3.fr\/index.php\/wp-json\/wp\/v2\/comments?post=273"}],"version-history":[{"count":13,"href":"https:\/\/masterstp-univ-tlse3.fr\/index.php\/wp-json\/wp\/v2\/pages\/273\/revisions"}],"predecessor-version":[{"id":646,"href":"https:\/\/masterstp-univ-tlse3.fr\/index.php\/wp-json\/wp\/v2\/pages\/273\/revisions\/646"}],"wp:attachment":[{"href":"https:\/\/masterstp-univ-tlse3.fr\/index.php\/wp-json\/wp\/v2\/media?parent=273"}],"curies":[{"name":"wp","href":"https:\/\/api.w.org\/{rel}","templated":true}]}}