{"id":246,"date":"2022-12-26T09:02:10","date_gmt":"2022-12-26T08:02:10","guid":{"rendered":"https:\/\/masterstp-univ-tlse3.fr\/?page_id=246"},"modified":"2022-12-26T09:02:11","modified_gmt":"2022-12-26T08:02:11","slug":"pour-quels-metiers","status":"publish","type":"page","link":"https:\/\/masterstp-univ-tlse3.fr\/index.php\/pour-quels-metiers\/","title":{"rendered":"Pour quels m\u00e9tiers ?"},"content":{"rendered":"\n<p>Gr\u00e2ce aux deux ann\u00e9es de formation combinant enseignements th\u00e9oriques et exp\u00e9riences pratiques les \u00e9tudiants pourront poursuivre en doctorat ou s\u2019ins\u00e9rer directement \u00e0 l&rsquo;issue de cette formation dans l\u2019industrie sur des postes d\u2019ing\u00e9nieur R&amp;D. Pour les poursuites en doctorat, le caract\u00e8re international de cette formation facilitera la mise en place de co-tutelles de th\u00e8se mais sera \u00e9galement un atout pour d\u2019autres candidatures en France et \u00e0 l\u2019international.<\/p>\n\n\n\n<ul class=\"wp-block-list\">\n<li>Liste non exhaustive des laboratoires pouvant constituer un d\u00e9bouch\u00e9 en th\u00e8se \u00e0 l&rsquo;issue du master :\n<ul class=\"wp-block-list\">\n<li><a href=\"http:\/\/www.laplace.univ-tlse.fr\/\">Laboratoire Plasma et Conversion d&rsquo;Energie (LAPLACE)<\/a>&nbsp;: Toulouse<\/li>\n\n\n\n<li><a href=\"http:\/\/www.promes.cnrs.fr\/\">Laboratoire Proc\u00e9d\u00e9s Mat\u00e9riaux et Energie Solaire (PROMES)<\/a>&nbsp;: Perpignan<\/li>\n\n\n\n<li><a href=\"http:\/\/www.univ-jfc.fr\/equipesrecherche\/diagnostic-des-plasmas-hors-equilibre-dphe-ea-4562-albi\">Diagnostic des Plasmas Hors d&rsquo;Equilibre (DPHE)<\/a>&nbsp;: Albi<\/li>\n\n\n\n<li><a href=\"http:\/\/www.lpp.fr\/\">Laboratoire de Physique des Plasmas (LPP)<\/a>&nbsp;: Paris<\/li>\n\n\n\n<li>&#8230;<\/li>\n<\/ul>\n<\/li>\n\n\n\n<li>Liste non exhaustive des entreprises et des institutions pouvant constituer un d\u00e9bouch\u00e9 \u00e0 l\u2019issue du master ou apr\u00e8s un doctorat :\u00a0<a href=\"http:\/\/www.acxys.com\/\">Acxys<\/a>,\u00a0<a href=\"http:\/\/www.airliquide.com\/\">Air Liquide<\/a>, Airbus, CEA, CNES, CNRS, DGA, Safran, Satelec, Tetrapak, Universit\u00e9s et centres de recherches priv\u00e9s ou publics, &#8230;<\/li>\n<\/ul>\n\n\n\n<div style=\"height:100px\" aria-hidden=\"true\" class=\"wp-block-spacer\"><\/div>\n\n\n\n<figure class=\"wp-block-image aligncenter size-large\"><a href=\"https:\/\/formations-plasmas.fr\" target=\"_blank\" rel=\"noreferrer noopener\"><img loading=\"lazy\" decoding=\"async\" width=\"1024\" height=\"575\" src=\"https:\/\/masterstp-univ-tlse3.fr\/wp-content\/uploads\/2022\/12\/formationplasma-1024x575.png\" alt=\"\" class=\"wp-image-248\" srcset=\"https:\/\/masterstp-univ-tlse3.fr\/wp-content\/uploads\/2022\/12\/formationplasma-1024x575.png 1024w, https:\/\/masterstp-univ-tlse3.fr\/wp-content\/uploads\/2022\/12\/formationplasma-300x168.png 300w, https:\/\/masterstp-univ-tlse3.fr\/wp-content\/uploads\/2022\/12\/formationplasma-768x431.png 768w, https:\/\/masterstp-univ-tlse3.fr\/wp-content\/uploads\/2022\/12\/formationplasma-1536x862.png 1536w, https:\/\/masterstp-univ-tlse3.fr\/wp-content\/uploads\/2022\/12\/formationplasma.png 1810w\" sizes=\"auto, (max-width: 1024px) 100vw, 1024px\" \/><\/a><\/figure>\n\n\n\n<p>Le site <a href=\"https:\/\/formations-plasmas.fr\" target=\"_blank\" rel=\"noreferrer noopener\">formations-plasmas.fr<\/a> regroupe les offres d&#8217;emploi, de th\u00e8se et de stage dans le domaine des plasmas en France et avec une ouverture \u00e0 l&rsquo;international  \u00e9galement. Il vous permettra de vous faire une id\u00e9e plus pr\u00e9cises des possibilit\u00e9s. Enfin, vous trouverez \u00e9galement sur ce site des retours d&rsquo;exp\u00e9riences de dipl\u00f4m\u00e9s du domaine avec leurs parcours professionnels.<\/p>\n","protected":false},"excerpt":{"rendered":"<p>Gr\u00e2ce aux deux ann\u00e9es de formation combinant enseignements th\u00e9oriques et exp\u00e9riences pratiques les \u00e9tudiants pourront poursuivre en doctorat ou s\u2019ins\u00e9rer directement \u00e0 l&rsquo;issue de cette formation dans l\u2019industrie sur des postes d\u2019ing\u00e9nieur R&amp;D. Pour les poursuites en doctorat, le caract\u00e8re international de cette formation facilitera la mise en place de co-tutelles de th\u00e8se mais sera [&hellip;]<\/p>\n","protected":false},"author":1,"featured_media":0,"parent":0,"menu_order":0,"comment_status":"closed","ping_status":"closed","template":"","meta":{"footnotes":""},"class_list":["post-246","page","type-page","status-publish","hentry"],"yoast_head":"<!-- This site is optimized with the Yoast SEO plugin v27.4 - https:\/\/yoast.com\/product\/yoast-seo-wordpress\/ -->\n<title>Pour quels m\u00e9tiers ? - Sciences et Technologies des Plasmas (STP)<\/title>\n<meta name=\"robots\" content=\"index, follow, max-snippet:-1, max-image-preview:large, max-video-preview:-1\" \/>\n<link rel=\"canonical\" href=\"https:\/\/masterstp-univ-tlse3.fr\/index.php\/pour-quels-metiers\/\" class=\"yoast-seo-meta-tag\" \/>\n<meta property=\"og:locale\" content=\"fr_FR\" class=\"yoast-seo-meta-tag\" \/>\n<meta property=\"og:type\" content=\"article\" class=\"yoast-seo-meta-tag\" \/>\n<meta property=\"og:title\" content=\"Pour quels m\u00e9tiers ? - Sciences et Technologies des Plasmas (STP)\" class=\"yoast-seo-meta-tag\" \/>\n<meta property=\"og:description\" content=\"Gr\u00e2ce aux deux ann\u00e9es de formation combinant enseignements th\u00e9oriques et exp\u00e9riences pratiques les \u00e9tudiants pourront poursuivre en doctorat ou s\u2019ins\u00e9rer directement \u00e0 l&rsquo;issue de cette formation dans l\u2019industrie sur des postes d\u2019ing\u00e9nieur R&amp;D. Pour les poursuites en doctorat, le caract\u00e8re international de cette formation facilitera la mise en place de co-tutelles de th\u00e8se mais sera [&hellip;]\" class=\"yoast-seo-meta-tag\" \/>\n<meta property=\"og:url\" content=\"https:\/\/masterstp-univ-tlse3.fr\/index.php\/pour-quels-metiers\/\" class=\"yoast-seo-meta-tag\" \/>\n<meta property=\"og:site_name\" content=\"Sciences et Technologies des Plasmas (STP)\" class=\"yoast-seo-meta-tag\" \/>\n<meta property=\"article:modified_time\" content=\"2022-12-26T08:02:11+00:00\" class=\"yoast-seo-meta-tag\" \/>\n<meta property=\"og:image\" content=\"https:\/\/masterstp-univ-tlse3.fr\/wp-content\/uploads\/2022\/12\/formationplasma-1024x575.png\" class=\"yoast-seo-meta-tag\" \/>\n<meta name=\"twitter:card\" content=\"summary_large_image\" class=\"yoast-seo-meta-tag\" \/>\n<meta name=\"twitter:site\" content=\"@master_stp\" class=\"yoast-seo-meta-tag\" \/>\n<meta name=\"twitter:label1\" content=\"Dur\u00e9e de lecture estim\u00e9e\" class=\"yoast-seo-meta-tag\" \/>\n\t<meta name=\"twitter:data1\" content=\"2 minutes\" class=\"yoast-seo-meta-tag\" \/>\n<script type=\"application\/ld+json\" class=\"yoast-schema-graph\">{\"@context\":\"https:\\\/\\\/schema.org\",\"@graph\":[{\"@type\":\"WebPage\",\"@id\":\"https:\\\/\\\/masterstp-univ-tlse3.fr\\\/index.php\\\/pour-quels-metiers\\\/\",\"url\":\"https:\\\/\\\/masterstp-univ-tlse3.fr\\\/index.php\\\/pour-quels-metiers\\\/\",\"name\":\"Pour quels m\u00e9tiers ? - Sciences et Technologies des Plasmas (STP)\",\"isPartOf\":{\"@id\":\"https:\\\/\\\/masterstp-univ-tlse3.fr\\\/#website\"},\"primaryImageOfPage\":{\"@id\":\"https:\\\/\\\/masterstp-univ-tlse3.fr\\\/index.php\\\/pour-quels-metiers\\\/#primaryimage\"},\"image\":{\"@id\":\"https:\\\/\\\/masterstp-univ-tlse3.fr\\\/index.php\\\/pour-quels-metiers\\\/#primaryimage\"},\"thumbnailUrl\":\"https:\\\/\\\/masterstp-univ-tlse3.fr\\\/wp-content\\\/uploads\\\/2022\\\/12\\\/formationplasma-1024x575.png\",\"datePublished\":\"2022-12-26T08:02:10+00:00\",\"dateModified\":\"2022-12-26T08:02:11+00:00\",\"breadcrumb\":{\"@id\":\"https:\\\/\\\/masterstp-univ-tlse3.fr\\\/index.php\\\/pour-quels-metiers\\\/#breadcrumb\"},\"inLanguage\":\"fr-FR\",\"potentialAction\":[{\"@type\":\"ReadAction\",\"target\":[\"https:\\\/\\\/masterstp-univ-tlse3.fr\\\/index.php\\\/pour-quels-metiers\\\/\"]}]},{\"@type\":\"ImageObject\",\"inLanguage\":\"fr-FR\",\"@id\":\"https:\\\/\\\/masterstp-univ-tlse3.fr\\\/index.php\\\/pour-quels-metiers\\\/#primaryimage\",\"url\":\"https:\\\/\\\/masterstp-univ-tlse3.fr\\\/wp-content\\\/uploads\\\/2022\\\/12\\\/formationplasma.png\",\"contentUrl\":\"https:\\\/\\\/masterstp-univ-tlse3.fr\\\/wp-content\\\/uploads\\\/2022\\\/12\\\/formationplasma.png\",\"width\":1810,\"height\":1016},{\"@type\":\"BreadcrumbList\",\"@id\":\"https:\\\/\\\/masterstp-univ-tlse3.fr\\\/index.php\\\/pour-quels-metiers\\\/#breadcrumb\",\"itemListElement\":[{\"@type\":\"ListItem\",\"position\":1,\"name\":\"Accueil\",\"item\":\"https:\\\/\\\/masterstp-univ-tlse3.fr\\\/\"},{\"@type\":\"ListItem\",\"position\":2,\"name\":\"Pour quels m\u00e9tiers ?\"}]},{\"@type\":\"WebSite\",\"@id\":\"https:\\\/\\\/masterstp-univ-tlse3.fr\\\/#website\",\"url\":\"https:\\\/\\\/masterstp-univ-tlse3.fr\\\/\",\"name\":\"Master Sciences et Technologies des Plasmas (STP)\",\"description\":\"Master mention Energie\",\"publisher\":{\"@id\":\"https:\\\/\\\/masterstp-univ-tlse3.fr\\\/#organization\"},\"potentialAction\":[{\"@type\":\"SearchAction\",\"target\":{\"@type\":\"EntryPoint\",\"urlTemplate\":\"https:\\\/\\\/masterstp-univ-tlse3.fr\\\/?s={search_term_string}\"},\"query-input\":{\"@type\":\"PropertyValueSpecification\",\"valueRequired\":true,\"valueName\":\"search_term_string\"}}],\"inLanguage\":\"fr-FR\"},{\"@type\":\"Organization\",\"@id\":\"https:\\\/\\\/masterstp-univ-tlse3.fr\\\/#organization\",\"name\":\"Master Sciences et Technologies des Plasmas (STP)\",\"url\":\"https:\\\/\\\/masterstp-univ-tlse3.fr\\\/\",\"logo\":{\"@type\":\"ImageObject\",\"inLanguage\":\"fr-FR\",\"@id\":\"https:\\\/\\\/masterstp-univ-tlse3.fr\\\/#\\\/schema\\\/logo\\\/image\\\/\",\"url\":\"https:\\\/\\\/masterstp-univ-tlse3.fr\\\/wp-content\\\/uploads\\\/2022\\\/12\\\/11.jpg\",\"contentUrl\":\"https:\\\/\\\/masterstp-univ-tlse3.fr\\\/wp-content\\\/uploads\\\/2022\\\/12\\\/11.jpg\",\"width\":350,\"height\":233,\"caption\":\"Master Sciences et Technologies des Plasmas (STP)\"},\"image\":{\"@id\":\"https:\\\/\\\/masterstp-univ-tlse3.fr\\\/#\\\/schema\\\/logo\\\/image\\\/\"},\"sameAs\":[\"https:\\\/\\\/x.com\\\/master_stp\",\"https:\\\/\\\/www.linkedin.com\\\/groups\\\/12499459\\\/\"]}]}<\/script>\n<!-- \/ Yoast SEO plugin. -->","yoast_head_json":{"title":"Pour quels m\u00e9tiers ? - Sciences et Technologies des Plasmas (STP)","robots":{"index":"index","follow":"follow","max-snippet":"max-snippet:-1","max-image-preview":"max-image-preview:large","max-video-preview":"max-video-preview:-1"},"canonical":"https:\/\/masterstp-univ-tlse3.fr\/index.php\/pour-quels-metiers\/","og_locale":"fr_FR","og_type":"article","og_title":"Pour quels m\u00e9tiers ? - Sciences et Technologies des Plasmas (STP)","og_description":"Gr\u00e2ce aux deux ann\u00e9es de formation combinant enseignements th\u00e9oriques et exp\u00e9riences pratiques les \u00e9tudiants pourront poursuivre en doctorat ou s\u2019ins\u00e9rer directement \u00e0 l&rsquo;issue de cette formation dans l\u2019industrie sur des postes d\u2019ing\u00e9nieur R&amp;D. Pour les poursuites en doctorat, le caract\u00e8re international de cette formation facilitera la mise en place de co-tutelles de th\u00e8se mais sera [&hellip;]","og_url":"https:\/\/masterstp-univ-tlse3.fr\/index.php\/pour-quels-metiers\/","og_site_name":"Sciences et Technologies des Plasmas (STP)","article_modified_time":"2022-12-26T08:02:11+00:00","og_image":[{"url":"https:\/\/masterstp-univ-tlse3.fr\/wp-content\/uploads\/2022\/12\/formationplasma-1024x575.png","type":"","width":"","height":""}],"twitter_card":"summary_large_image","twitter_site":"@master_stp","twitter_misc":{"Dur\u00e9e de lecture estim\u00e9e":"2 minutes"},"schema":{"@context":"https:\/\/schema.org","@graph":[{"@type":"WebPage","@id":"https:\/\/masterstp-univ-tlse3.fr\/index.php\/pour-quels-metiers\/","url":"https:\/\/masterstp-univ-tlse3.fr\/index.php\/pour-quels-metiers\/","name":"Pour quels m\u00e9tiers ? - Sciences et Technologies des Plasmas (STP)","isPartOf":{"@id":"https:\/\/masterstp-univ-tlse3.fr\/#website"},"primaryImageOfPage":{"@id":"https:\/\/masterstp-univ-tlse3.fr\/index.php\/pour-quels-metiers\/#primaryimage"},"image":{"@id":"https:\/\/masterstp-univ-tlse3.fr\/index.php\/pour-quels-metiers\/#primaryimage"},"thumbnailUrl":"https:\/\/masterstp-univ-tlse3.fr\/wp-content\/uploads\/2022\/12\/formationplasma-1024x575.png","datePublished":"2022-12-26T08:02:10+00:00","dateModified":"2022-12-26T08:02:11+00:00","breadcrumb":{"@id":"https:\/\/masterstp-univ-tlse3.fr\/index.php\/pour-quels-metiers\/#breadcrumb"},"inLanguage":"fr-FR","potentialAction":[{"@type":"ReadAction","target":["https:\/\/masterstp-univ-tlse3.fr\/index.php\/pour-quels-metiers\/"]}]},{"@type":"ImageObject","inLanguage":"fr-FR","@id":"https:\/\/masterstp-univ-tlse3.fr\/index.php\/pour-quels-metiers\/#primaryimage","url":"https:\/\/masterstp-univ-tlse3.fr\/wp-content\/uploads\/2022\/12\/formationplasma.png","contentUrl":"https:\/\/masterstp-univ-tlse3.fr\/wp-content\/uploads\/2022\/12\/formationplasma.png","width":1810,"height":1016},{"@type":"BreadcrumbList","@id":"https:\/\/masterstp-univ-tlse3.fr\/index.php\/pour-quels-metiers\/#breadcrumb","itemListElement":[{"@type":"ListItem","position":1,"name":"Accueil","item":"https:\/\/masterstp-univ-tlse3.fr\/"},{"@type":"ListItem","position":2,"name":"Pour quels m\u00e9tiers ?"}]},{"@type":"WebSite","@id":"https:\/\/masterstp-univ-tlse3.fr\/#website","url":"https:\/\/masterstp-univ-tlse3.fr\/","name":"Master Sciences et Technologies des Plasmas (STP)","description":"Master mention Energie","publisher":{"@id":"https:\/\/masterstp-univ-tlse3.fr\/#organization"},"potentialAction":[{"@type":"SearchAction","target":{"@type":"EntryPoint","urlTemplate":"https:\/\/masterstp-univ-tlse3.fr\/?s={search_term_string}"},"query-input":{"@type":"PropertyValueSpecification","valueRequired":true,"valueName":"search_term_string"}}],"inLanguage":"fr-FR"},{"@type":"Organization","@id":"https:\/\/masterstp-univ-tlse3.fr\/#organization","name":"Master Sciences et Technologies des Plasmas (STP)","url":"https:\/\/masterstp-univ-tlse3.fr\/","logo":{"@type":"ImageObject","inLanguage":"fr-FR","@id":"https:\/\/masterstp-univ-tlse3.fr\/#\/schema\/logo\/image\/","url":"https:\/\/masterstp-univ-tlse3.fr\/wp-content\/uploads\/2022\/12\/11.jpg","contentUrl":"https:\/\/masterstp-univ-tlse3.fr\/wp-content\/uploads\/2022\/12\/11.jpg","width":350,"height":233,"caption":"Master Sciences et Technologies des Plasmas (STP)"},"image":{"@id":"https:\/\/masterstp-univ-tlse3.fr\/#\/schema\/logo\/image\/"},"sameAs":["https:\/\/x.com\/master_stp","https:\/\/www.linkedin.com\/groups\/12499459\/"]}]}},"_links":{"self":[{"href":"https:\/\/masterstp-univ-tlse3.fr\/index.php\/wp-json\/wp\/v2\/pages\/246","targetHints":{"allow":["GET"]}}],"collection":[{"href":"https:\/\/masterstp-univ-tlse3.fr\/index.php\/wp-json\/wp\/v2\/pages"}],"about":[{"href":"https:\/\/masterstp-univ-tlse3.fr\/index.php\/wp-json\/wp\/v2\/types\/page"}],"author":[{"embeddable":true,"href":"https:\/\/masterstp-univ-tlse3.fr\/index.php\/wp-json\/wp\/v2\/users\/1"}],"replies":[{"embeddable":true,"href":"https:\/\/masterstp-univ-tlse3.fr\/index.php\/wp-json\/wp\/v2\/comments?post=246"}],"version-history":[{"count":2,"href":"https:\/\/masterstp-univ-tlse3.fr\/index.php\/wp-json\/wp\/v2\/pages\/246\/revisions"}],"predecessor-version":[{"id":249,"href":"https:\/\/masterstp-univ-tlse3.fr\/index.php\/wp-json\/wp\/v2\/pages\/246\/revisions\/249"}],"wp:attachment":[{"href":"https:\/\/masterstp-univ-tlse3.fr\/index.php\/wp-json\/wp\/v2\/media?parent=246"}],"curies":[{"name":"wp","href":"https:\/\/api.w.org\/{rel}","templated":true}]}}