{"id":243,"date":"2022-12-26T08:42:41","date_gmt":"2022-12-26T07:42:41","guid":{"rendered":"https:\/\/masterstp-univ-tlse3.fr\/?page_id=243"},"modified":"2022-12-26T08:43:09","modified_gmt":"2022-12-26T07:43:09","slug":"applications","status":"publish","type":"page","link":"https:\/\/masterstp-univ-tlse3.fr\/index.php\/applications\/","title":{"rendered":"Applications des Plasmas ?"},"content":{"rendered":"\n<p>Les applications des plasmas sont nombreuses et diverses. Ils sont utilis\u00e9s dans diff\u00e9rents secteurs d\u2019activit\u00e9s, par exemple :<\/p>\n\n\n\n<ul class=\"wp-block-list\">\n<li><strong>A\u00e9ronautique et spatial :<\/strong>&nbsp;foudroiement, propulsion satellite,&nbsp;mat\u00e9riaux avanc\u00e9s, &#8230;<\/li>\n\n\n\n<li><strong>Biom\u00e9dical :<\/strong>&nbsp;st\u00e9rilisation, mat\u00e9riaux biocompatibles, oncologie, &#8230;<\/li>\n\n\n\n<li><strong>Energie :<\/strong>&nbsp;lampe forte puissance, m\u00e9tallurgie, disjoncteurs, &#8230;<\/li>\n\n\n\n<li><strong>Environnement :<\/strong>&nbsp;d\u00e9pollution des gaz d\u2019\u00e9chappement, traitements&nbsp;de l\u2019eau et de la biomasse, &#8230;<\/li>\n\n\n\n<li><strong>Micro\u00e9lectronique :<\/strong>&nbsp;d\u00e9p\u00f4t de couches minces et gravure.<\/li>\n<\/ul>\n\n\n\n<figure class=\"wp-block-gallery has-nested-images columns-default is-cropped wp-block-gallery-1 is-layout-flex wp-block-gallery-is-layout-flex\">\n<figure class=\"wp-block-image size-large\"><img loading=\"lazy\" decoding=\"async\" width=\"584\" height=\"554\" data-id=\"183\" src=\"https:\/\/masterstp-univ-tlse3.fr\/wp-content\/uploads\/2022\/12\/plasma_pv.png\" alt=\"\" class=\"wp-image-183\" srcset=\"https:\/\/masterstp-univ-tlse3.fr\/wp-content\/uploads\/2022\/12\/plasma_pv.png 584w, https:\/\/masterstp-univ-tlse3.fr\/wp-content\/uploads\/2022\/12\/plasma_pv-300x285.png 300w\" sizes=\"auto, (max-width: 584px) 100vw, 584px\" \/><figcaption class=\"wp-element-caption\">D\u00e9p\u00f4t de couche antireflet pour cellules photovolta\u00efques<\/figcaption><\/figure>\n\n\n\n<figure class=\"wp-block-image size-large\"><img loading=\"lazy\" decoding=\"async\" width=\"418\" height=\"278\" data-id=\"182\" src=\"https:\/\/masterstp-univ-tlse3.fr\/wp-content\/uploads\/2022\/12\/plasma_polym.png\" alt=\"\" class=\"wp-image-182\" srcset=\"https:\/\/masterstp-univ-tlse3.fr\/wp-content\/uploads\/2022\/12\/plasma_polym.png 418w, https:\/\/masterstp-univ-tlse3.fr\/wp-content\/uploads\/2022\/12\/plasma_polym-300x200.png 300w\" sizes=\"auto, (max-width: 418px) 100vw, 418px\" \/><figcaption class=\"wp-element-caption\">Proc\u00e9d\u00e9 corona pour le traitement de films polym\u00e8res<\/figcaption><\/figure>\n\n\n\n<figure class=\"wp-block-image size-large\"><img loading=\"lazy\" decoding=\"async\" width=\"401\" height=\"381\" data-id=\"181\" src=\"https:\/\/masterstp-univ-tlse3.fr\/wp-content\/uploads\/2022\/12\/plasma_microelec2.png\" alt=\"\" class=\"wp-image-181\" srcset=\"https:\/\/masterstp-univ-tlse3.fr\/wp-content\/uploads\/2022\/12\/plasma_microelec2.png 401w, https:\/\/masterstp-univ-tlse3.fr\/wp-content\/uploads\/2022\/12\/plasma_microelec2-300x285.png 300w\" sizes=\"auto, (max-width: 401px) 100vw, 401px\" \/><figcaption class=\"wp-element-caption\">Application en micro\u00e9lectronique<\/figcaption><\/figure>\n<\/figure>\n\n\n\n<p>En fait si on regarde les choses de plus pr\u00e8s, les plasmas sont partout dans notre vie quotidienne. Une image largement utilis\u00e9e dans la communaut\u00e9 illustre parfaitement cela. Chaque num\u00e9ro de l&rsquo;image correspond \u00e0 un objet ou une cat\u00e9gorie d&rsquo;objets faisant appel \u00e0 une technologie plasma. On peut citer par exemple :  les cellules photovolta\u00efques (13), le d\u00e9p\u00f4t de couches minces pour applications ophtalmologique (4), le traitement de textiles (17) ou de polym\u00e8res (16), l&rsquo;\u00e9clairage (21), la micro\u00e9lectronique (14), &#8230;<\/p>\n\n\n\n<figure class=\"wp-block-image aligncenter size-full\"><img loading=\"lazy\" decoding=\"async\" width=\"698\" height=\"524\" src=\"https:\/\/masterstp-univ-tlse3.fr\/wp-content\/uploads\/2022\/12\/plasmaviequotidienne.png\" alt=\"\" class=\"wp-image-244\" srcset=\"https:\/\/masterstp-univ-tlse3.fr\/wp-content\/uploads\/2022\/12\/plasmaviequotidienne.png 698w, https:\/\/masterstp-univ-tlse3.fr\/wp-content\/uploads\/2022\/12\/plasmaviequotidienne-300x225.png 300w\" sizes=\"auto, (max-width: 698px) 100vw, 698px\" \/><figcaption class=\"wp-element-caption\"><strong><em>\u201cPlasma 2010: Plasma Science: Advancing Knowledge in the National Interest<\/em>\u201d, US National Research Council, 2007<\/strong><\/figcaption><\/figure>\n\n\n\n<p><\/p>\n","protected":false},"excerpt":{"rendered":"<p>Les applications des plasmas sont nombreuses et diverses. Ils sont utilis\u00e9s dans diff\u00e9rents secteurs d\u2019activit\u00e9s, par exemple : En fait si on regarde les choses de plus pr\u00e8s, les plasmas sont partout dans notre vie quotidienne. Une image largement utilis\u00e9e dans la communaut\u00e9 illustre parfaitement cela. Chaque num\u00e9ro de l&rsquo;image correspond \u00e0 un objet ou [&hellip;]<\/p>\n","protected":false},"author":1,"featured_media":0,"parent":0,"menu_order":0,"comment_status":"closed","ping_status":"closed","template":"","meta":{"footnotes":""},"class_list":["post-243","page","type-page","status-publish","hentry"],"yoast_head":"<!-- This site is optimized with the Yoast SEO plugin v27.4 - https:\/\/yoast.com\/product\/yoast-seo-wordpress\/ -->\n<title>Applications des Plasmas ? - Sciences et Technologies des Plasmas (STP)<\/title>\n<meta name=\"robots\" content=\"index, follow, max-snippet:-1, max-image-preview:large, max-video-preview:-1\" \/>\n<link rel=\"canonical\" href=\"https:\/\/masterstp-univ-tlse3.fr\/index.php\/applications\/\" class=\"yoast-seo-meta-tag\" \/>\n<meta property=\"og:locale\" content=\"fr_FR\" class=\"yoast-seo-meta-tag\" \/>\n<meta property=\"og:type\" content=\"article\" class=\"yoast-seo-meta-tag\" \/>\n<meta property=\"og:title\" content=\"Applications des Plasmas ? - Sciences et Technologies des Plasmas (STP)\" class=\"yoast-seo-meta-tag\" \/>\n<meta property=\"og:description\" content=\"Les applications des plasmas sont nombreuses et diverses. Ils sont utilis\u00e9s dans diff\u00e9rents secteurs d\u2019activit\u00e9s, par exemple : En fait si on regarde les choses de plus pr\u00e8s, les plasmas sont partout dans notre vie quotidienne. Une image largement utilis\u00e9e dans la communaut\u00e9 illustre parfaitement cela. Chaque num\u00e9ro de l&rsquo;image correspond \u00e0 un objet ou [&hellip;]\" class=\"yoast-seo-meta-tag\" \/>\n<meta property=\"og:url\" content=\"https:\/\/masterstp-univ-tlse3.fr\/index.php\/applications\/\" class=\"yoast-seo-meta-tag\" \/>\n<meta property=\"og:site_name\" content=\"Sciences et Technologies des Plasmas (STP)\" class=\"yoast-seo-meta-tag\" \/>\n<meta property=\"article:modified_time\" content=\"2022-12-26T07:43:09+00:00\" class=\"yoast-seo-meta-tag\" \/>\n<meta property=\"og:image\" content=\"https:\/\/masterstp-univ-tlse3.fr\/wp-content\/uploads\/2022\/12\/plasma_pv.png\" class=\"yoast-seo-meta-tag\" \/>\n<meta name=\"twitter:card\" content=\"summary_large_image\" class=\"yoast-seo-meta-tag\" \/>\n<meta name=\"twitter:site\" content=\"@master_stp\" class=\"yoast-seo-meta-tag\" \/>\n<meta name=\"twitter:label1\" content=\"Dur\u00e9e de lecture estim\u00e9e\" class=\"yoast-seo-meta-tag\" \/>\n\t<meta name=\"twitter:data1\" content=\"2 minutes\" class=\"yoast-seo-meta-tag\" \/>\n<script type=\"application\/ld+json\" class=\"yoast-schema-graph\">{\"@context\":\"https:\\\/\\\/schema.org\",\"@graph\":[{\"@type\":\"WebPage\",\"@id\":\"https:\\\/\\\/masterstp-univ-tlse3.fr\\\/index.php\\\/applications\\\/\",\"url\":\"https:\\\/\\\/masterstp-univ-tlse3.fr\\\/index.php\\\/applications\\\/\",\"name\":\"Applications des Plasmas ? - Sciences et Technologies des Plasmas (STP)\",\"isPartOf\":{\"@id\":\"https:\\\/\\\/masterstp-univ-tlse3.fr\\\/#website\"},\"primaryImageOfPage\":{\"@id\":\"https:\\\/\\\/masterstp-univ-tlse3.fr\\\/index.php\\\/applications\\\/#primaryimage\"},\"image\":{\"@id\":\"https:\\\/\\\/masterstp-univ-tlse3.fr\\\/index.php\\\/applications\\\/#primaryimage\"},\"thumbnailUrl\":\"https:\\\/\\\/masterstp-univ-tlse3.fr\\\/wp-content\\\/uploads\\\/2022\\\/12\\\/plasma_pv.png\",\"datePublished\":\"2022-12-26T07:42:41+00:00\",\"dateModified\":\"2022-12-26T07:43:09+00:00\",\"breadcrumb\":{\"@id\":\"https:\\\/\\\/masterstp-univ-tlse3.fr\\\/index.php\\\/applications\\\/#breadcrumb\"},\"inLanguage\":\"fr-FR\",\"potentialAction\":[{\"@type\":\"ReadAction\",\"target\":[\"https:\\\/\\\/masterstp-univ-tlse3.fr\\\/index.php\\\/applications\\\/\"]}]},{\"@type\":\"ImageObject\",\"inLanguage\":\"fr-FR\",\"@id\":\"https:\\\/\\\/masterstp-univ-tlse3.fr\\\/index.php\\\/applications\\\/#primaryimage\",\"url\":\"https:\\\/\\\/masterstp-univ-tlse3.fr\\\/wp-content\\\/uploads\\\/2022\\\/12\\\/plasma_pv.png\",\"contentUrl\":\"https:\\\/\\\/masterstp-univ-tlse3.fr\\\/wp-content\\\/uploads\\\/2022\\\/12\\\/plasma_pv.png\",\"width\":584,\"height\":554},{\"@type\":\"BreadcrumbList\",\"@id\":\"https:\\\/\\\/masterstp-univ-tlse3.fr\\\/index.php\\\/applications\\\/#breadcrumb\",\"itemListElement\":[{\"@type\":\"ListItem\",\"position\":1,\"name\":\"Accueil\",\"item\":\"https:\\\/\\\/masterstp-univ-tlse3.fr\\\/\"},{\"@type\":\"ListItem\",\"position\":2,\"name\":\"Applications des Plasmas ?\"}]},{\"@type\":\"WebSite\",\"@id\":\"https:\\\/\\\/masterstp-univ-tlse3.fr\\\/#website\",\"url\":\"https:\\\/\\\/masterstp-univ-tlse3.fr\\\/\",\"name\":\"Master Sciences et Technologies des Plasmas (STP)\",\"description\":\"Master mention Energie\",\"publisher\":{\"@id\":\"https:\\\/\\\/masterstp-univ-tlse3.fr\\\/#organization\"},\"potentialAction\":[{\"@type\":\"SearchAction\",\"target\":{\"@type\":\"EntryPoint\",\"urlTemplate\":\"https:\\\/\\\/masterstp-univ-tlse3.fr\\\/?s={search_term_string}\"},\"query-input\":{\"@type\":\"PropertyValueSpecification\",\"valueRequired\":true,\"valueName\":\"search_term_string\"}}],\"inLanguage\":\"fr-FR\"},{\"@type\":\"Organization\",\"@id\":\"https:\\\/\\\/masterstp-univ-tlse3.fr\\\/#organization\",\"name\":\"Master Sciences et Technologies des Plasmas (STP)\",\"url\":\"https:\\\/\\\/masterstp-univ-tlse3.fr\\\/\",\"logo\":{\"@type\":\"ImageObject\",\"inLanguage\":\"fr-FR\",\"@id\":\"https:\\\/\\\/masterstp-univ-tlse3.fr\\\/#\\\/schema\\\/logo\\\/image\\\/\",\"url\":\"https:\\\/\\\/masterstp-univ-tlse3.fr\\\/wp-content\\\/uploads\\\/2022\\\/12\\\/11.jpg\",\"contentUrl\":\"https:\\\/\\\/masterstp-univ-tlse3.fr\\\/wp-content\\\/uploads\\\/2022\\\/12\\\/11.jpg\",\"width\":350,\"height\":233,\"caption\":\"Master Sciences et Technologies des Plasmas (STP)\"},\"image\":{\"@id\":\"https:\\\/\\\/masterstp-univ-tlse3.fr\\\/#\\\/schema\\\/logo\\\/image\\\/\"},\"sameAs\":[\"https:\\\/\\\/x.com\\\/master_stp\",\"https:\\\/\\\/www.linkedin.com\\\/groups\\\/12499459\\\/\"]}]}<\/script>\n<!-- \/ Yoast SEO plugin. -->","yoast_head_json":{"title":"Applications des Plasmas ? - Sciences et Technologies des Plasmas (STP)","robots":{"index":"index","follow":"follow","max-snippet":"max-snippet:-1","max-image-preview":"max-image-preview:large","max-video-preview":"max-video-preview:-1"},"canonical":"https:\/\/masterstp-univ-tlse3.fr\/index.php\/applications\/","og_locale":"fr_FR","og_type":"article","og_title":"Applications des Plasmas ? - Sciences et Technologies des Plasmas (STP)","og_description":"Les applications des plasmas sont nombreuses et diverses. Ils sont utilis\u00e9s dans diff\u00e9rents secteurs d\u2019activit\u00e9s, par exemple : En fait si on regarde les choses de plus pr\u00e8s, les plasmas sont partout dans notre vie quotidienne. Une image largement utilis\u00e9e dans la communaut\u00e9 illustre parfaitement cela. Chaque num\u00e9ro de l&rsquo;image correspond \u00e0 un objet ou [&hellip;]","og_url":"https:\/\/masterstp-univ-tlse3.fr\/index.php\/applications\/","og_site_name":"Sciences et Technologies des Plasmas (STP)","article_modified_time":"2022-12-26T07:43:09+00:00","og_image":[{"url":"https:\/\/masterstp-univ-tlse3.fr\/wp-content\/uploads\/2022\/12\/plasma_pv.png","type":"","width":"","height":""}],"twitter_card":"summary_large_image","twitter_site":"@master_stp","twitter_misc":{"Dur\u00e9e de lecture estim\u00e9e":"2 minutes"},"schema":{"@context":"https:\/\/schema.org","@graph":[{"@type":"WebPage","@id":"https:\/\/masterstp-univ-tlse3.fr\/index.php\/applications\/","url":"https:\/\/masterstp-univ-tlse3.fr\/index.php\/applications\/","name":"Applications des Plasmas ? - Sciences et Technologies des Plasmas (STP)","isPartOf":{"@id":"https:\/\/masterstp-univ-tlse3.fr\/#website"},"primaryImageOfPage":{"@id":"https:\/\/masterstp-univ-tlse3.fr\/index.php\/applications\/#primaryimage"},"image":{"@id":"https:\/\/masterstp-univ-tlse3.fr\/index.php\/applications\/#primaryimage"},"thumbnailUrl":"https:\/\/masterstp-univ-tlse3.fr\/wp-content\/uploads\/2022\/12\/plasma_pv.png","datePublished":"2022-12-26T07:42:41+00:00","dateModified":"2022-12-26T07:43:09+00:00","breadcrumb":{"@id":"https:\/\/masterstp-univ-tlse3.fr\/index.php\/applications\/#breadcrumb"},"inLanguage":"fr-FR","potentialAction":[{"@type":"ReadAction","target":["https:\/\/masterstp-univ-tlse3.fr\/index.php\/applications\/"]}]},{"@type":"ImageObject","inLanguage":"fr-FR","@id":"https:\/\/masterstp-univ-tlse3.fr\/index.php\/applications\/#primaryimage","url":"https:\/\/masterstp-univ-tlse3.fr\/wp-content\/uploads\/2022\/12\/plasma_pv.png","contentUrl":"https:\/\/masterstp-univ-tlse3.fr\/wp-content\/uploads\/2022\/12\/plasma_pv.png","width":584,"height":554},{"@type":"BreadcrumbList","@id":"https:\/\/masterstp-univ-tlse3.fr\/index.php\/applications\/#breadcrumb","itemListElement":[{"@type":"ListItem","position":1,"name":"Accueil","item":"https:\/\/masterstp-univ-tlse3.fr\/"},{"@type":"ListItem","position":2,"name":"Applications des Plasmas ?"}]},{"@type":"WebSite","@id":"https:\/\/masterstp-univ-tlse3.fr\/#website","url":"https:\/\/masterstp-univ-tlse3.fr\/","name":"Master Sciences et Technologies des Plasmas (STP)","description":"Master mention Energie","publisher":{"@id":"https:\/\/masterstp-univ-tlse3.fr\/#organization"},"potentialAction":[{"@type":"SearchAction","target":{"@type":"EntryPoint","urlTemplate":"https:\/\/masterstp-univ-tlse3.fr\/?s={search_term_string}"},"query-input":{"@type":"PropertyValueSpecification","valueRequired":true,"valueName":"search_term_string"}}],"inLanguage":"fr-FR"},{"@type":"Organization","@id":"https:\/\/masterstp-univ-tlse3.fr\/#organization","name":"Master Sciences et Technologies des Plasmas (STP)","url":"https:\/\/masterstp-univ-tlse3.fr\/","logo":{"@type":"ImageObject","inLanguage":"fr-FR","@id":"https:\/\/masterstp-univ-tlse3.fr\/#\/schema\/logo\/image\/","url":"https:\/\/masterstp-univ-tlse3.fr\/wp-content\/uploads\/2022\/12\/11.jpg","contentUrl":"https:\/\/masterstp-univ-tlse3.fr\/wp-content\/uploads\/2022\/12\/11.jpg","width":350,"height":233,"caption":"Master Sciences et Technologies des Plasmas (STP)"},"image":{"@id":"https:\/\/masterstp-univ-tlse3.fr\/#\/schema\/logo\/image\/"},"sameAs":["https:\/\/x.com\/master_stp","https:\/\/www.linkedin.com\/groups\/12499459\/"]}]}},"_links":{"self":[{"href":"https:\/\/masterstp-univ-tlse3.fr\/index.php\/wp-json\/wp\/v2\/pages\/243","targetHints":{"allow":["GET"]}}],"collection":[{"href":"https:\/\/masterstp-univ-tlse3.fr\/index.php\/wp-json\/wp\/v2\/pages"}],"about":[{"href":"https:\/\/masterstp-univ-tlse3.fr\/index.php\/wp-json\/wp\/v2\/types\/page"}],"author":[{"embeddable":true,"href":"https:\/\/masterstp-univ-tlse3.fr\/index.php\/wp-json\/wp\/v2\/users\/1"}],"replies":[{"embeddable":true,"href":"https:\/\/masterstp-univ-tlse3.fr\/index.php\/wp-json\/wp\/v2\/comments?post=243"}],"version-history":[{"count":1,"href":"https:\/\/masterstp-univ-tlse3.fr\/index.php\/wp-json\/wp\/v2\/pages\/243\/revisions"}],"predecessor-version":[{"id":245,"href":"https:\/\/masterstp-univ-tlse3.fr\/index.php\/wp-json\/wp\/v2\/pages\/243\/revisions\/245"}],"wp:attachment":[{"href":"https:\/\/masterstp-univ-tlse3.fr\/index.php\/wp-json\/wp\/v2\/media?parent=243"}],"curies":[{"name":"wp","href":"https:\/\/api.w.org\/{rel}","templated":true}]}}